{"id":1334,"date":"2020-03-24T11:00:05","date_gmt":"2020-03-24T11:00:05","guid":{"rendered":"https:\/\/spaanplafongen.lu\/?page_id=1334"},"modified":"2020-08-20T06:36:39","modified_gmt":"2020-08-20T06:36:39","slug":"referenzen","status":"publish","type":"page","link":"https:\/\/optimaler.lu\/home\/referenzen\/","title":{"rendered":"Referenzen"},"content":{"rendered":"\t\t<div data-elementor-type=\"wp-page\" data-elementor-id=\"1334\" class=\"elementor elementor-1334\">\n\t\t\t\t\t\t<section class=\"elementor-section elementor-top-section elementor-element elementor-element-8bb4c49 elementor-section-boxed elementor-section-height-default elementor-section-height-default\" data-id=\"8bb4c49\" data-element_type=\"section\" data-e-type=\"section\">\n\t\t\t\t\t\t<div class=\"elementor-container elementor-column-gap-default\">\n\t\t\t\t\t<div class=\"elementor-column elementor-col-100 elementor-top-column elementor-element elementor-element-28f4e73\" data-id=\"28f4e73\" data-element_type=\"column\" data-e-type=\"column\">\n\t\t\t<div class=\"elementor-widget-wrap elementor-element-populated\">\n\t\t\t\t\t\t<div class=\"elementor-element elementor-element-34531bd elementor-widget elementor-widget-spacer\" data-id=\"34531bd\" data-element_type=\"widget\" data-e-type=\"widget\" data-widget_type=\"spacer.default\">\n\t\t\t\t<div class=\"elementor-widget-container\">\n\t\t\t\t\t\t\t<div class=\"elementor-spacer\">\n\t\t\t<div class=\"elementor-spacer-inner\"><\/div>\n\t\t<\/div>\n\t\t\t\t\t\t<\/div>\n\t\t\t\t<\/div>\n\t\t\t\t\t<\/div>\n\t\t<\/div>\n\t\t\t\t\t<\/div>\n\t\t<\/section>\n\t\t\t\t<section class=\"elementor-section elementor-top-section elementor-element elementor-element-2851baa0 elementor-section-height-min-height elementor-section-content-middle elementor-section-boxed elementor-section-height-default elementor-section-items-middle\" data-id=\"2851baa0\" data-element_type=\"section\" data-e-type=\"section\">\n\t\t\t\t\t\t<div class=\"elementor-container elementor-column-gap-default\">\n\t\t\t\t\t<div class=\"elementor-column elementor-col-50 elementor-top-column elementor-element elementor-element-6a6fbb32\" data-id=\"6a6fbb32\" data-element_type=\"column\" data-e-type=\"column\">\n\t\t\t<div class=\"elementor-widget-wrap elementor-element-populated\">\n\t\t\t\t\t\t<div class=\"elementor-element elementor-element-f1e747e elementor-widget elementor-widget-heading\" data-id=\"f1e747e\" data-element_type=\"widget\" data-e-type=\"widget\" data-widget_type=\"heading.default\">\n\t\t\t\t<div class=\"elementor-widget-container\">\n\t\t\t\t\t<p class=\"elementor-heading-title elementor-size-default\">Referenzen<\/p>\t\t\t\t<\/div>\n\t\t\t\t<\/div>\n\t\t\t\t<div class=\"elementor-element elementor-element-116de91 elementor-widget-divider--view-line elementor-widget elementor-widget-divider\" data-id=\"116de91\" data-element_type=\"widget\" data-e-type=\"widget\" data-widget_type=\"divider.default\">\n\t\t\t\t<div class=\"elementor-widget-container\">\n\t\t\t\t\t\t\t<div class=\"elementor-divider\">\n\t\t\t<span class=\"elementor-divider-separator\">\n\t\t\t\t\t\t<\/span>\n\t\t<\/div>\n\t\t\t\t\t\t<\/div>\n\t\t\t\t<\/div>\n\t\t\t\t\t<\/div>\n\t\t<\/div>\n\t\t\t\t<div class=\"elementor-column elementor-col-50 elementor-top-column elementor-element elementor-element-393d5260\" data-id=\"393d5260\" data-element_type=\"column\" data-e-type=\"column\">\n\t\t\t<div class=\"elementor-widget-wrap elementor-element-populated\">\n\t\t\t\t\t\t<div class=\"elementor-element elementor-element-11642db0 elementor-shape-circle e-grid-align-right e-grid-align-tablet-right elementor-grid-0 elementor-widget elementor-widget-social-icons\" data-id=\"11642db0\" data-element_type=\"widget\" data-e-type=\"widget\" data-widget_type=\"social-icons.default\">\n\t\t\t\t<div class=\"elementor-widget-container\">\n\t\t\t\t\t\t\t<div class=\"elementor-social-icons-wrapper elementor-grid\" role=\"list\">\n\t\t\t\t\t\t\t<span class=\"elementor-grid-item\" role=\"listitem\">\n\t\t\t\t\t<a class=\"elementor-icon elementor-social-icon elementor-social-icon-facebook-f elementor-repeater-item-oj9fk8m\" href=\"https:\/\/www.facebook.com\/optimaler.sarl\/\" target=\"_blank\">\n\t\t\t\t\t\t<span class=\"elementor-screen-only\">Facebook-f<\/span>\n\t\t\t\t\t\t<i aria-hidden=\"true\" class=\"fab fa-facebook-f\"><\/i>\t\t\t\t\t<\/a>\n\t\t\t\t<\/span>\n\t\t\t\t\t\t\t<span class=\"elementor-grid-item\" role=\"listitem\">\n\t\t\t\t\t<a class=\"elementor-icon elementor-social-icon elementor-social-icon-instagram elementor-repeater-item-8d16b79\" href=\"https:\/\/www.instagram.com\/optimaler_sarl\/\" target=\"_blank\">\n\t\t\t\t\t\t<span class=\"elementor-screen-only\">Instagram<\/span>\n\t\t\t\t\t\t<i aria-hidden=\"true\" class=\"fab fa-instagram\"><\/i>\t\t\t\t\t<\/a>\n\t\t\t\t<\/span>\n\t\t\t\t\t<\/div>\n\t\t\t\t\t\t<\/div>\n\t\t\t\t<\/div>\n\t\t\t\t\t<\/div>\n\t\t<\/div>\n\t\t\t\t\t<\/div>\n\t\t<\/section>\n\t\t\t\t<section class=\"elementor-section elementor-top-section elementor-element elementor-element-158adc9 elementor-section-height-min-height elementor-section-boxed elementor-section-height-default elementor-section-items-middle\" data-id=\"158adc9\" data-element_type=\"section\" data-e-type=\"section\" data-settings=\"{&quot;background_background&quot;:&quot;classic&quot;,&quot;shape_divider_bottom&quot;:&quot;arrow&quot;,&quot;shape_divider_bottom_negative&quot;:&quot;yes&quot;}\">\n\t\t\t\t\t\t\t<div class=\"elementor-background-overlay\"><\/div>\n\t\t\t\t\t\t<div class=\"elementor-shape elementor-shape-bottom\" aria-hidden=\"true\" data-negative=\"true\">\n\t\t\t<svg xmlns=\"http:\/\/www.w3.org\/2000\/svg\" viewBox=\"0 0 700 10\" preserveAspectRatio=\"none\">\n\t<path class=\"elementor-shape-fill\" d=\"M360 0L350 9.9 340 0 0 0 0 10 700 10 700 0\"\/>\n<\/svg>\t\t<\/div>\n\t\t\t\t\t<div class=\"elementor-container elementor-column-gap-default\">\n\t\t\t\t\t<div class=\"elementor-column elementor-col-100 elementor-top-column elementor-element elementor-element-610461\" data-id=\"610461\" data-element_type=\"column\" data-e-type=\"column\">\n\t\t\t<div class=\"elementor-widget-wrap\">\n\t\t\t\t\t\t\t<\/div>\n\t\t<\/div>\n\t\t\t\t\t<\/div>\n\t\t<\/section>\n\t\t\t\t<section class=\"elementor-section elementor-top-section elementor-element elementor-element-36e7a512 elementor-section-content-middle elementor-section-boxed elementor-section-height-default elementor-section-height-default\" data-id=\"36e7a512\" data-element_type=\"section\" data-e-type=\"section\" data-settings=\"{&quot;background_background&quot;:&quot;classic&quot;}\">\n\t\t\t\t\t\t<div class=\"elementor-container elementor-column-gap-default\">\n\t\t\t\t\t<div class=\"elementor-column elementor-col-50 elementor-top-column elementor-element elementor-element-49c6d5f5\" data-id=\"49c6d5f5\" data-element_type=\"column\" data-e-type=\"column\">\n\t\t\t<div class=\"elementor-widget-wrap elementor-element-populated\">\n\t\t\t\t\t\t<div class=\"elementor-element elementor-element-78eb3db7 elementor-widget elementor-widget-heading\" data-id=\"78eb3db7\" data-element_type=\"widget\" data-e-type=\"widget\" data-widget_type=\"heading.default\">\n\t\t\t\t<div class=\"elementor-widget-container\">\n\t\t\t\t\t<h3 class=\"elementor-heading-title elementor-size-default\">\u00dcberzeugen Sie sich selbst!<\/h3>\t\t\t\t<\/div>\n\t\t\t\t<\/div>\n\t\t\t\t\t<\/div>\n\t\t<\/div>\n\t\t\t\t<div class=\"elementor-column elementor-col-50 elementor-top-column elementor-element elementor-element-7e2149a5\" data-id=\"7e2149a5\" data-element_type=\"column\" data-e-type=\"column\">\n\t\t\t<div class=\"elementor-widget-wrap elementor-element-populated\">\n\t\t\t\t\t\t<div class=\"elementor-element elementor-element-40deca76 elementor-align-right elementor-mobile-align-center elementor-widget elementor-widget-button\" data-id=\"40deca76\" data-element_type=\"widget\" data-e-type=\"widget\" data-widget_type=\"button.default\">\n\t\t\t\t<div class=\"elementor-widget-container\">\n\t\t\t\t\t\t\t\t\t<div class=\"elementor-button-wrapper\">\n\t\t\t\t\t<a class=\"elementor-button elementor-button-link elementor-size-lg\" href=\"http:\/\/www.optimaler.lu\/home\/?page_id=1239\">\n\t\t\t\t\t\t<span class=\"elementor-button-content-wrapper\">\n\t\t\t\t\t\t<span class=\"elementor-button-icon\">\n\t\t\t\t<i aria-hidden=\"true\" class=\"fas fa-angle-double-right\"><\/i>\t\t\t<\/span>\n\t\t\t\t\t\t\t\t\t<span class=\"elementor-button-text\">Jetzt Angebot anfordern<\/span>\n\t\t\t\t\t<\/span>\n\t\t\t\t\t<\/a>\n\t\t\t\t<\/div>\n\t\t\t\t\t\t\t\t<\/div>\n\t\t\t\t<\/div>\n\t\t\t\t\t<\/div>\n\t\t<\/div>\n\t\t\t\t\t<\/div>\n\t\t<\/section>\n\t\t\t\t<section class=\"elementor-section elementor-top-section elementor-element elementor-element-c6ad17b elementor-section-boxed elementor-section-height-default elementor-section-height-default\" data-id=\"c6ad17b\" data-element_type=\"section\" data-e-type=\"section\">\n\t\t\t\t\t\t<div class=\"elementor-container elementor-column-gap-default\">\n\t\t\t\t\t<div class=\"elementor-column elementor-col-100 elementor-top-column elementor-element elementor-element-16507fd\" data-id=\"16507fd\" data-element_type=\"column\" data-e-type=\"column\">\n\t\t\t<div class=\"elementor-widget-wrap elementor-element-populated\">\n\t\t\t\t\t\t<div class=\"elementor-element elementor-element-842a15c elementor-widget elementor-widget-spacer\" data-id=\"842a15c\" data-element_type=\"widget\" data-e-type=\"widget\" data-widget_type=\"spacer.default\">\n\t\t\t\t<div class=\"elementor-widget-container\">\n\t\t\t\t\t\t\t<div class=\"elementor-spacer\">\n\t\t\t<div class=\"elementor-spacer-inner\"><\/div>\n\t\t<\/div>\n\t\t\t\t\t\t<\/div>\n\t\t\t\t<\/div>\n\t\t\t\t\t<\/div>\n\t\t<\/div>\n\t\t\t\t\t<\/div>\n\t\t<\/section>\n\t\t\t\t<section class=\"elementor-section elementor-top-section elementor-element elementor-element-8ac234c elementor-section-boxed elementor-section-height-default elementor-section-height-default\" data-id=\"8ac234c\" data-element_type=\"section\" data-e-type=\"section\">\n\t\t\t\t\t\t<div class=\"elementor-container elementor-column-gap-default\">\n\t\t\t\t\t<div class=\"elementor-column elementor-col-100 elementor-top-column elementor-element elementor-element-4b133aa\" data-id=\"4b133aa\" data-element_type=\"column\" data-e-type=\"column\">\n\t\t\t<div class=\"elementor-widget-wrap elementor-element-populated\">\n\t\t\t\t\t\t<div class=\"elementor-element elementor-element-5b2ddcd elementor-grid-eael-col-3 elementor-grid-tablet-eael-col-2 elementor-grid-mobile-eael-col-1 elementor-widget elementor-widget-eael-post-grid\" data-id=\"5b2ddcd\" data-element_type=\"widget\" data-e-type=\"widget\" data-settings=\"{&quot;eael_post_grid_columns&quot;:&quot;eael-col-3&quot;,&quot;eael_post_grid_columns_tablet&quot;:&quot;eael-col-2&quot;,&quot;eael_post_grid_columns_mobile&quot;:&quot;eael-col-1&quot;}\" data-widget_type=\"eael-post-grid.default\">\n\t\t\t\t<div class=\"elementor-widget-container\">\n\t\t\t\t\t<div id=\"eael-post-grid-5b2ddcd\" class=\"eael-post-grid-container\">\n            <div class=\"eael-post-grid eael-post-appender eael-post-appender-5b2ddcd eael-post-grid-style-one\" data-layout-mode=\"grid\"><article class=\"eael-grid-post  eael-post-grid-column eael-pg-post-1482 category-uncategorized\" data-id=\"1482\">\n        <div class=\"eael-grid-post-holder\">\n            <div class=\"eael-grid-post-holder-inner\"><div class=\"eael-entry-media\"><div class=\"eael-entry-overlay fade-in\"><i class=\"fas fa-long-arrow-alt-right\" aria-hidden=\"true\"><\/i><a href=\"https:\/\/optimaler.lu\/home\/wandgestaltung-und-lichtelement-wandbild-im-saunabereich\/\"><\/a><\/div><div class=\"eael-entry-thumbnail \">\n                <img fetchpriority=\"high\" decoding=\"async\" width=\"300\" height=\"169\" src=\"https:\/\/optimaler.lu\/home\/wp-content\/uploads\/2020\/03\/Die-Wandgestaltung-im-warmen-grau-kombiniert-mit-dem-gro\u00dfen-Wandbild-schafft-eine-gem\u00fctliche-Atmosph\u00e4re-300x169.jpg\" class=\"attachment-medium size-medium wp-image-1483\" alt=\"\" srcset=\"https:\/\/optimaler.lu\/home\/wp-content\/uploads\/2020\/03\/Die-Wandgestaltung-im-warmen-grau-kombiniert-mit-dem-gro\u00dfen-Wandbild-schafft-eine-gem\u00fctliche-Atmosph\u00e4re-300x169.jpg 300w, https:\/\/optimaler.lu\/home\/wp-content\/uploads\/2020\/03\/Die-Wandgestaltung-im-warmen-grau-kombiniert-mit-dem-gro\u00dfen-Wandbild-schafft-eine-gem\u00fctliche-Atmosph\u00e4re-1024x577.jpg 1024w, https:\/\/optimaler.lu\/home\/wp-content\/uploads\/2020\/03\/Die-Wandgestaltung-im-warmen-grau-kombiniert-mit-dem-gro\u00dfen-Wandbild-schafft-eine-gem\u00fctliche-Atmosph\u00e4re-768x433.jpg 768w, https:\/\/optimaler.lu\/home\/wp-content\/uploads\/2020\/03\/Die-Wandgestaltung-im-warmen-grau-kombiniert-mit-dem-gro\u00dfen-Wandbild-schafft-eine-gem\u00fctliche-Atmosph\u00e4re-1536x866.jpg 1536w, https:\/\/optimaler.lu\/home\/wp-content\/uploads\/2020\/03\/Die-Wandgestaltung-im-warmen-grau-kombiniert-mit-dem-gro\u00dfen-Wandbild-schafft-eine-gem\u00fctliche-Atmosph\u00e4re.jpg 2000w\" sizes=\"(max-width: 300px) 100vw, 300px\" \/>\n            <\/div>\n        <\/div><div class=\"eael-entry-wrapper\"><header class=\"eael-entry-header\"><h2 class=\"eael-entry-title\"><a class=\"eael-grid-post-link\" href=\"https:\/\/optimaler.lu\/home\/wandgestaltung-und-lichtelement-wandbild-im-saunabereich\/\" title=\"Wandgestaltung und Lichtelement \/ Wandbild im Saunabereich\">Wandgestaltung und Lichtelement \/ Wandbild im Saunabereich<\/a><\/h2><\/header><div class=\"eael-entry-content\">\n                        <div class=\"eael-grid-post-excerpt\"><p>Wandgestaltung und Lichtelement im Saunabereich des Erlebnisbades Aquanatour in Hosingen...<\/p><a href=\"https:\/\/optimaler.lu\/home\/wandgestaltung-und-lichtelement-wandbild-im-saunabereich\/\" class=\"eael-post-elements-readmore-btn\">Jetzt anschauen<\/a><\/div>\n                    <\/div><\/div><\/div>\n        <\/div>\n    <\/article><article class=\"eael-grid-post  eael-post-grid-column eael-pg-post-1463 category-uncategorized\" data-id=\"1463\">\n        <div class=\"eael-grid-post-holder\">\n            <div class=\"eael-grid-post-holder-inner\"><div class=\"eael-entry-media\"><div class=\"eael-entry-overlay fade-in\"><i class=\"fas fa-long-arrow-alt-right\" aria-hidden=\"true\"><\/i><a href=\"https:\/\/optimaler.lu\/home\/decken-waende-boeden-eigentumswohnung-in-schengen-2\/\"><\/a><\/div><div class=\"eael-entry-thumbnail \">\n                <img decoding=\"async\" width=\"300\" height=\"169\" src=\"https:\/\/optimaler.lu\/home\/wp-content\/uploads\/2020\/03\/Gem\u00fctliche-Atmosph\u00e4re-mit-warmwei\u00dfer-Beleuchtung-300x169.jpg\" class=\"attachment-medium size-medium wp-image-1466\" alt=\"\" srcset=\"https:\/\/optimaler.lu\/home\/wp-content\/uploads\/2020\/03\/Gem\u00fctliche-Atmosph\u00e4re-mit-warmwei\u00dfer-Beleuchtung-300x169.jpg 300w, https:\/\/optimaler.lu\/home\/wp-content\/uploads\/2020\/03\/Gem\u00fctliche-Atmosph\u00e4re-mit-warmwei\u00dfer-Beleuchtung-1024x577.jpg 1024w, https:\/\/optimaler.lu\/home\/wp-content\/uploads\/2020\/03\/Gem\u00fctliche-Atmosph\u00e4re-mit-warmwei\u00dfer-Beleuchtung-768x432.jpg 768w, https:\/\/optimaler.lu\/home\/wp-content\/uploads\/2020\/03\/Gem\u00fctliche-Atmosph\u00e4re-mit-warmwei\u00dfer-Beleuchtung-1536x865.jpg 1536w, https:\/\/optimaler.lu\/home\/wp-content\/uploads\/2020\/03\/Gem\u00fctliche-Atmosph\u00e4re-mit-warmwei\u00dfer-Beleuchtung.jpg 2000w\" sizes=\"(max-width: 300px) 100vw, 300px\" \/>\n            <\/div>\n        <\/div><div class=\"eael-entry-wrapper\"><header class=\"eael-entry-header\"><h2 class=\"eael-entry-title\"><a class=\"eael-grid-post-link\" href=\"https:\/\/optimaler.lu\/home\/decken-waende-boeden-eigentumswohnung-in-schengen-2\/\" title=\"Decken und Wandgestaltung im Wohn- Essbereich eines Eigenheims\">Decken und Wandgestaltung im Wohn- Essbereich eines Eigenheims<\/a><\/h2><\/header><div class=\"eael-entry-content\">\n                        <div class=\"eael-grid-post-excerpt\"><p>Wandgestaltung mit Putz und Klinkerwand &#8211; Spanndecken- und Beleuchtungskonzept im...<\/p><a href=\"https:\/\/optimaler.lu\/home\/decken-waende-boeden-eigentumswohnung-in-schengen-2\/\" class=\"eael-post-elements-readmore-btn\">Jetzt anschauen<\/a><\/div>\n                    <\/div><\/div><\/div>\n        <\/div>\n    <\/article><article class=\"eael-grid-post  eael-post-grid-column eael-pg-post-1428 category-uncategorized\" data-id=\"1428\">\n        <div class=\"eael-grid-post-holder\">\n            <div class=\"eael-grid-post-holder-inner\"><div class=\"eael-entry-media\"><div class=\"eael-entry-overlay fade-in\"><i class=\"fas fa-long-arrow-alt-right\" aria-hidden=\"true\"><\/i><a href=\"https:\/\/optimaler.lu\/home\/decken-waende-boeden-eigentumswohnung-in-schengen\/\"><\/a><\/div><div class=\"eael-entry-thumbnail \">\n                <img decoding=\"async\" width=\"300\" height=\"169\" src=\"https:\/\/optimaler.lu\/home\/wp-content\/uploads\/2020\/03\/Eigentumswohnung-Schengen-Wohnzimmer-nachher-Wandgestaltung-eleganter-Putz-Designfu\u00dfboden-Spanndecke-und-Beleuchtungskonzept-2-300x169.jpg\" class=\"attachment-medium size-medium wp-image-1439\" alt=\"\" srcset=\"https:\/\/optimaler.lu\/home\/wp-content\/uploads\/2020\/03\/Eigentumswohnung-Schengen-Wohnzimmer-nachher-Wandgestaltung-eleganter-Putz-Designfu\u00dfboden-Spanndecke-und-Beleuchtungskonzept-2-300x169.jpg 300w, https:\/\/optimaler.lu\/home\/wp-content\/uploads\/2020\/03\/Eigentumswohnung-Schengen-Wohnzimmer-nachher-Wandgestaltung-eleganter-Putz-Designfu\u00dfboden-Spanndecke-und-Beleuchtungskonzept-2-1024x577.jpg 1024w, https:\/\/optimaler.lu\/home\/wp-content\/uploads\/2020\/03\/Eigentumswohnung-Schengen-Wohnzimmer-nachher-Wandgestaltung-eleganter-Putz-Designfu\u00dfboden-Spanndecke-und-Beleuchtungskonzept-2-768x432.jpg 768w, https:\/\/optimaler.lu\/home\/wp-content\/uploads\/2020\/03\/Eigentumswohnung-Schengen-Wohnzimmer-nachher-Wandgestaltung-eleganter-Putz-Designfu\u00dfboden-Spanndecke-und-Beleuchtungskonzept-2-1536x865.jpg 1536w, https:\/\/optimaler.lu\/home\/wp-content\/uploads\/2020\/03\/Eigentumswohnung-Schengen-Wohnzimmer-nachher-Wandgestaltung-eleganter-Putz-Designfu\u00dfboden-Spanndecke-und-Beleuchtungskonzept-2.jpg 2000w\" sizes=\"(max-width: 300px) 100vw, 300px\" \/>\n            <\/div>\n        <\/div><div class=\"eael-entry-wrapper\"><header class=\"eael-entry-header\"><h2 class=\"eael-entry-title\"><a class=\"eael-grid-post-link\" href=\"https:\/\/optimaler.lu\/home\/decken-waende-boeden-eigentumswohnung-in-schengen\/\" title=\"Decken &#8211; W\u00e4nde &#8211; B\u00f6den Eigentumswohnung in Schengen\">Decken &#8211; W\u00e4nde &#8211; B\u00f6den Eigentumswohnung in Schengen<\/a><\/h2><\/header><div class=\"eael-entry-content\">\n                        <div class=\"eael-grid-post-excerpt\"><p>Elegante kleine Eigentumswohnung in Schengen &#8211; Komplettsanierung der Decken, W\u00e4nde...<\/p><a href=\"https:\/\/optimaler.lu\/home\/decken-waende-boeden-eigentumswohnung-in-schengen\/\" class=\"eael-post-elements-readmore-btn\">Jetzt anschauen<\/a><\/div>\n                    <\/div><\/div><\/div>\n        <\/div>\n    <\/article><\/div>\n            <div class=\"clearfix\"><\/div>\n        <\/div>\t\t\t\t<\/div>\n\t\t\t\t<\/div>\n\t\t\t\t\t<\/div>\n\t\t<\/div>\n\t\t\t\t\t<\/div>\n\t\t<\/section>\n\t\t\t\t<\/div>\n\t\t","protected":false},"excerpt":{"rendered":"<p>Referenzen Facebook-f Instagram \u00dcberzeugen Sie sich selbst! Jetzt Angebot anfordern Wandgestaltung und Lichtelement \/ Wandbild im Saunabereich Elegante kleine Eigentumswohnung in Schengen Facebook-f Instagram Der Saunabereich wirk&#8230; Jetzt anschauen Decken und Wandgestaltung im Wohn- Essbereich eines Eigenheims Wandgestaltung mit Putz und Klinkerwand \u2013 Spanndecken- und Beleuchtungskonzept im&#8230; Jetzt anschauen Decken \u2013 W\u00e4nde \u2013 B\u00f6den Eigentumswohnung [&hellip;]<\/p>\n","protected":false},"author":1,"featured_media":0,"parent":0,"menu_order":0,"comment_status":"closed","ping_status":"closed","template":"","meta":{"site-sidebar-layout":"no-sidebar","site-content-layout":"page-builder","ast-site-content-layout":"default","site-content-style":"default","site-sidebar-style":"default","ast-global-header-display":"","ast-banner-title-visibility":"","ast-main-header-display":"","ast-hfb-above-header-display":"","ast-hfb-below-header-display":"","ast-hfb-mobile-header-display":"","site-post-title":"disabled","ast-breadcrumbs-content":"","ast-featured-img":"","footer-sml-layout":"","ast-disable-related-posts":"","theme-transparent-header-meta":"default","adv-header-id-meta":"","stick-header-meta":"","header-above-stick-meta":"","header-main-stick-meta":"","header-below-stick-meta":"","astra-migrate-meta-layouts":"default","ast-page-background-enabled":"default","ast-page-background-meta":{"desktop":{"background-color":"","background-image":"","background-repeat":"repeat","background-position":"center center","background-size":"auto","background-attachment":"scroll","background-type":"","background-media":"","overlay-type":"","overlay-color":"","overlay-opacity":"","overlay-gradient":""},"tablet":{"background-color":"","background-image":"","background-repeat":"repeat","background-position":"center center","background-size":"auto","background-attachment":"scroll","background-type":"","background-media":"","overlay-type":"","overlay-color":"","overlay-opacity":"","overlay-gradient":""},"mobile":{"background-color":"","background-image":"","background-repeat":"repeat","background-position":"center center","background-size":"auto","background-attachment":"scroll","background-type":"","background-media":"","overlay-type":"","overlay-color":"","overlay-opacity":"","overlay-gradient":""}},"ast-content-background-meta":{"desktop":{"background-color":"var(--ast-global-color-5)","background-image":"","background-repeat":"repeat","background-position":"center center","background-size":"auto","background-attachment":"scroll","background-type":"","background-media":"","overlay-type":"","overlay-color":"","overlay-opacity":"","overlay-gradient":""},"tablet":{"background-color":"var(--ast-global-color-5)","background-image":"","background-repeat":"repeat","background-position":"center center","background-size":"auto","background-attachment":"scroll","background-type":"","background-media":"","overlay-type":"","overlay-color":"","overlay-opacity":"","overlay-gradient":""},"mobile":{"background-color":"var(--ast-global-color-5)","background-image":"","background-repeat":"repeat","background-position":"center center","background-size":"auto","background-attachment":"scroll","background-type":"","background-media":"","overlay-type":"","overlay-color":"","overlay-opacity":"","overlay-gradient":""}},"footnotes":""},"class_list":["post-1334","page","type-page","status-publish","hentry"],"_links":{"self":[{"href":"https:\/\/optimaler.lu\/home\/wp-json\/wp\/v2\/pages\/1334","targetHints":{"allow":["GET"]}}],"collection":[{"href":"https:\/\/optimaler.lu\/home\/wp-json\/wp\/v2\/pages"}],"about":[{"href":"https:\/\/optimaler.lu\/home\/wp-json\/wp\/v2\/types\/page"}],"author":[{"embeddable":true,"href":"https:\/\/optimaler.lu\/home\/wp-json\/wp\/v2\/users\/1"}],"replies":[{"embeddable":true,"href":"https:\/\/optimaler.lu\/home\/wp-json\/wp\/v2\/comments?post=1334"}],"version-history":[{"count":25,"href":"https:\/\/optimaler.lu\/home\/wp-json\/wp\/v2\/pages\/1334\/revisions"}],"predecessor-version":[{"id":1731,"href":"https:\/\/optimaler.lu\/home\/wp-json\/wp\/v2\/pages\/1334\/revisions\/1731"}],"wp:attachment":[{"href":"https:\/\/optimaler.lu\/home\/wp-json\/wp\/v2\/media?parent=1334"}],"curies":[{"name":"wp","href":"https:\/\/api.w.org\/{rel}","templated":true}]}}